{"id":7344,"date":"2023-09-05T18:42:33","date_gmt":"2023-09-05T18:42:33","guid":{"rendered":"https:\/\/lenzlatam.com\/?page_id=7344"},"modified":"2024-05-07T09:13:08","modified_gmt":"2024-05-07T09:13:08","slug":"reclutamiento","status":"publish","type":"page","link":"https:\/\/lenzlatam.com\/es\/reclutamiento\/","title":{"rendered":"Reclutamiento"},"content":{"rendered":"<div class=\"fusion-fullwidth fullwidth-box fusion-builder-row-1 fusion-flex-container nonhundred-percent-fullwidth non-hundred-percent-height-scrolling\" style=\"--awb-border-radius-top-left:0px;--awb-border-radius-top-right:0px;--awb-border-radius-bottom-right:0px;--awb-border-radius-bottom-left:0px;--awb-padding-top:56px;--awb-padding-bottom:1px;--awb-flex-wrap:wrap;\" ><div class=\"fusion-builder-row fusion-row fusion-flex-align-items-flex-start fusion-flex-content-wrap\" style=\"max-width:calc( 1160px + 0px );margin-left: calc(-0px \/ 2 );margin-right: calc(-0px \/ 2 );\"><div class=\"fusion-layout-column fusion_builder_column fusion-builder-column-0 fusion_builder_column_3_5 3_5 fusion-flex-column fusion-flex-align-self-flex-start\" style=\"--awb-padding-bottom:77px;--awb-bg-size:cover;--awb-width-large:60%;--awb-margin-top-large:0px;--awb-spacing-right-large:0px;--awb-margin-bottom-large:0px;--awb-spacing-left-large:0px;--awb-width-medium:100%;--awb-spacing-right-medium:0px;--awb-spacing-left-medium:0px;--awb-width-small:100%;--awb-spacing-right-small:0px;--awb-spacing-left-small:0px;\"><div class=\"fusion-column-wrapper fusion-column-has-shadow fusion-flex-justify-content-flex-start fusion-content-layout-column\"><div class=\"fusion-text fusion-text-1\"><h1 class=\"fusion-responsive-typography-calculated\" style=\"--fontsize: 45; line-height: 1.25;\" data-fontsize=\"45\" data-lineheight=\"56.25px\"><b>Siempre estamos buscando personas con potencial.<\/b><\/h1>\n<div>\n<p><b><br \/>\n<\/b>\u00bfEres un reci\u00e9n graduado universitario o estudiando tu \u00faltimo a\u00f1o, y est\u00e1s interesado en cambiar el futuro? Si es as\u00ed, \u00a1nosotros estamos interesados en saber de ti!<\/p>\n<p>Lenz es una startup de consultor\u00eda internacional que desaf\u00eda la forma tradicional de hacer consultor\u00eda. Nuestra visi\u00f3n es ayudar a construir un mundo donde nuestras decisiones m\u00e1s importantes se basen m\u00e1s en el potencial futuro que en la experiencia pasada. Nuestra misi\u00f3n es ayudar a las empresas a invertir en el futuro y al mismo tiempo ayudar a los j\u00f3venes talentosos a encontrar su pasi\u00f3n y alcanzar su potencial.<\/p>\n<p>El n\u00facleo de nuestra misi\u00f3n es demostrarle al mundo que deben invertir en el potencial. Queremos m\u00e1s j\u00f3venes en posiciones de liderazgo y poder pol\u00edtico, porque \u00a1qui\u00e9n mejor que los j\u00f3venes para comprender hacia d\u00f3nde va el mundo!<\/p>\n<p>Para tener un verdadero impacto y lograr cambios significativos, buscamos constantemente los talentos j\u00f3venes m\u00e1s brillantes y ambiciosos del mundo, que se identifiquen con nuestras creencias y nuestra causa. Si eres seleccionado, formar\u00e1s parte de uno de nuestros equipos potenciales para resolver los proyectos de nuestros clientes en el Am\u00e9rica Latina, pero tambi\u00e9n podr\u00e1s ser contratado directamente para trabajar para Lenz Latam, uni\u00e9ndote a nuestro movimiento internacional y trabajando directamente junto con nuestro director mexicano, Tero Moliis.<\/p>\n<p>El m\u00e9todo Lenz se centra en hacer coincidir las necesidades empresariales con el potencial. En un proyecto tradicional, se combinan las necesidades comerciales con la experiencia, por ejemplo: \u00abQueremos digitalizar nuestros procesos comerciales para permitir el comercio electr\u00f3nico directamente a nuestros clientes\u00bb. Luego reunimos un equipo ideal con la experiencia y competencias necesarias para completar el proyecto, pero siempre entendiendo que todos los entornos son \u00fanicos y no podemos copiar y pegar experiencias y soluciones. Adem\u00e1s, si utilizamos solamente la experiencia existente, por definici\u00f3n no podemos crear una ventaja competitiva, ya que ya se ha hecho y se volver\u00e1 a hacer para otra persona. Ahora lo que hace Lenz es crear el equipo con mayor potencial para resolver problemas de una manera que no tiene un resultado obvio y que podr\u00eda generar una ventaja competitiva para la empresa.<\/p>\n<p>Los proyectos de Lenz se crean con un prop\u00f3sito primordial: \u00bfCu\u00e1l es el cambio que queremos ver en el mundo? Y luego creamos el equipo ideal para hacerlo realidad. Como aplicante a un proyecto Lenz, debes tomar dos decisiones: identificarte con el proyecto correcto (=prop\u00f3sito) y luego tener el rol correcto en \u00e9l.<\/p>\n<div>Si Lenz resuena contigo, por favor s\u00edguenos en todos y cada uno de nuestros redes sociales para saber cu\u00e1ndo surge el pr\u00f3ximo proyecto u oportunidad para ti. \u00a1Muchas gracias!<\/div>\n<\/div>\n<\/div><\/div><\/div><div class=\"fusion-layout-column fusion_builder_column fusion-builder-column-1 fusion_builder_column_2_5 2_5 fusion-flex-column fusion-flex-align-self-flex-start\" style=\"--awb-bg-size:cover;--awb-width-large:40%;--awb-margin-top-large:0px;--awb-spacing-right-large:0px;--awb-margin-bottom-large:0px;--awb-spacing-left-large:0px;--awb-width-medium:100%;--awb-order-medium:0;--awb-spacing-right-medium:0px;--awb-spacing-left-medium:0px;--awb-width-small:100%;--awb-order-small:0;--awb-spacing-right-small:0px;--awb-spacing-left-small:0px;\"><div class=\"fusion-column-wrapper fusion-column-has-shadow fusion-flex-justify-content-flex-start fusion-content-layout-column\"><div class=\"fusion-image-element fusion-no-small-visibility fusion-no-medium-visibility\" style=\"--awb-aspect-ratio: 100 \/ 100;--awb-caption-title-font-family:var(--h2_typography-font-family);--awb-caption-title-font-weight:var(--h2_typography-font-weight);--awb-caption-title-font-style:var(--h2_typography-font-style);--awb-caption-title-size:var(--h2_typography-font-size);--awb-caption-title-transform:var(--h2_typography-text-transform);--awb-caption-title-line-height:var(--h2_typography-line-height);--awb-caption-title-letter-spacing:var(--h2_typography-letter-spacing);\"><span class=\" fusion-imageframe imageframe-none imageframe-1 hover-type-none has-aspect-ratio\"><img decoding=\"async\" width=\"2048\" height=\"2048\" title=\"Hankinta\" src=\"https:\/\/lenzlatam.com\/wp-content\/uploads\/2022\/12\/Hankinta.png\" data-orig-src=\"https:\/\/lenz.fi\/wp-content\/uploads\/2022\/12\/Hankinta.png\" class=\"lazyload img-responsive wp-image-6785 img-with-aspect-ratio\" alt srcset=\"data:image\/svg+xml,%3Csvg%20xmlns%3D%27http%3A%2F%2Fwww.w3.org%2F2000%2Fsvg%27%20width%3D%272048%27%20height%3D%272048%27%20viewBox%3D%270%200%202048%202048%27%3E%3Crect%20width%3D%272048%27%20height%3D%272048%27%20fill-opacity%3D%220%22%2F%3E%3C%2Fsvg%3E\" data-srcset=\"https:\/\/lenzlatam.com\/wp-content\/uploads\/2022\/12\/Hankinta-200x200.png 200w, https:\/\/lenzlatam.com\/wp-content\/uploads\/2022\/12\/Hankinta-400x400.png 400w, https:\/\/lenzlatam.com\/wp-content\/uploads\/2022\/12\/Hankinta-600x600.png 600w, https:\/\/lenzlatam.com\/wp-content\/uploads\/2022\/12\/Hankinta-800x800.png 800w, https:\/\/lenzlatam.com\/wp-content\/uploads\/2022\/12\/Hankinta-1200x1200.png 1200w, https:\/\/lenzlatam.com\/wp-content\/uploads\/2022\/12\/Hankinta.png 2048w\" data-sizes=\"auto\" data-orig-sizes=\"(max-width: 1024px) 100vw, (max-width: 450px) 100vw, 600px\" \/><\/span><\/div><\/div><\/div><\/div><\/div>\n","protected":false},"excerpt":{"rendered":"","protected":false},"author":1,"featured_media":0,"parent":0,"menu_order":0,"comment_status":"closed","ping_status":"closed","template":"100-width.php","meta":{"footnotes":""},"class_list":["post-7344","page","type-page","status-publish","hentry"],"yoast_head":"<!-- This site is optimized with the Yoast SEO plugin v25.6 - https:\/\/yoast.com\/wordpress\/plugins\/seo\/ -->\n<title>Lenz - Recruitment<\/title>\n<meta name=\"description\" content=\"Here you will find find our open recruitments for projects. Apply now for full or part time positions at Lenz Mexico!\" \/>\n<meta name=\"robots\" content=\"index, follow, max-snippet:-1, max-image-preview:large, max-video-preview:-1\" \/>\n<link rel=\"canonical\" href=\"https:\/\/lenzlatam.com\/es\/reclutamiento\/\" \/>\n<meta property=\"og:locale\" content=\"es_ES\" \/>\n<meta property=\"og:type\" content=\"article\" \/>\n<meta property=\"og:title\" content=\"Lenz - Recruitment\" \/>\n<meta property=\"og:description\" content=\"Here you will find find our open recruitments for projects. Apply now for full or part time positions at Lenz Mexico!\" \/>\n<meta property=\"og:url\" content=\"https:\/\/lenzlatam.com\/es\/reclutamiento\/\" \/>\n<meta property=\"og:site_name\" content=\"Lenz\" \/>\n<meta property=\"article:modified_time\" content=\"2024-05-07T09:13:08+00:00\" \/>\n<meta name=\"twitter:card\" content=\"summary_large_image\" \/>\n<meta name=\"twitter:label1\" content=\"Tiempo de lectura\" \/>\n\t<meta name=\"twitter:data1\" content=\"3 minutos\" \/>\n<script type=\"application\/ld+json\" class=\"yoast-schema-graph\">{\"@context\":\"https:\/\/schema.org\",\"@graph\":[{\"@type\":\"WebPage\",\"@id\":\"https:\/\/lenzlatam.com\/es\/reclutamiento\/\",\"url\":\"https:\/\/lenzlatam.com\/es\/reclutamiento\/\",\"name\":\"Lenz - Recruitment\",\"isPartOf\":{\"@id\":\"https:\/\/lenzlatam.com\/#website\"},\"datePublished\":\"2023-09-05T18:42:33+00:00\",\"dateModified\":\"2024-05-07T09:13:08+00:00\",\"description\":\"Here you will find find our open recruitments for projects. Apply now for full or part time positions at Lenz Mexico!\",\"breadcrumb\":{\"@id\":\"https:\/\/lenzlatam.com\/es\/reclutamiento\/#breadcrumb\"},\"inLanguage\":\"es\",\"potentialAction\":[{\"@type\":\"ReadAction\",\"target\":[\"https:\/\/lenzlatam.com\/es\/reclutamiento\/\"]}]},{\"@type\":\"BreadcrumbList\",\"@id\":\"https:\/\/lenzlatam.com\/es\/reclutamiento\/#breadcrumb\",\"itemListElement\":[{\"@type\":\"ListItem\",\"position\":1,\"name\":\"Etusivu\",\"item\":\"https:\/\/lenzlatam.com\/es\/\"},{\"@type\":\"ListItem\",\"position\":2,\"name\":\"Reclutamiento\"}]},{\"@type\":\"WebSite\",\"@id\":\"https:\/\/lenzlatam.com\/#website\",\"url\":\"https:\/\/lenzlatam.com\/\",\"name\":\"Lenz\",\"description\":\"Lenz\",\"potentialAction\":[{\"@type\":\"SearchAction\",\"target\":{\"@type\":\"EntryPoint\",\"urlTemplate\":\"https:\/\/lenzlatam.com\/?s={search_term_string}\"},\"query-input\":{\"@type\":\"PropertyValueSpecification\",\"valueRequired\":true,\"valueName\":\"search_term_string\"}}],\"inLanguage\":\"es\"}]}<\/script>\n<!-- \/ Yoast SEO plugin. -->","yoast_head_json":{"title":"Lenz - Recruitment","description":"Here you will find find our open recruitments for projects. Apply now for full or part time positions at Lenz Mexico!","robots":{"index":"index","follow":"follow","max-snippet":"max-snippet:-1","max-image-preview":"max-image-preview:large","max-video-preview":"max-video-preview:-1"},"canonical":"https:\/\/lenzlatam.com\/es\/reclutamiento\/","og_locale":"es_ES","og_type":"article","og_title":"Lenz - Recruitment","og_description":"Here you will find find our open recruitments for projects. Apply now for full or part time positions at Lenz Mexico!","og_url":"https:\/\/lenzlatam.com\/es\/reclutamiento\/","og_site_name":"Lenz","article_modified_time":"2024-05-07T09:13:08+00:00","twitter_card":"summary_large_image","twitter_misc":{"Tiempo de lectura":"3 minutos"},"schema":{"@context":"https:\/\/schema.org","@graph":[{"@type":"WebPage","@id":"https:\/\/lenzlatam.com\/es\/reclutamiento\/","url":"https:\/\/lenzlatam.com\/es\/reclutamiento\/","name":"Lenz - Recruitment","isPartOf":{"@id":"https:\/\/lenzlatam.com\/#website"},"datePublished":"2023-09-05T18:42:33+00:00","dateModified":"2024-05-07T09:13:08+00:00","description":"Here you will find find our open recruitments for projects. Apply now for full or part time positions at Lenz Mexico!","breadcrumb":{"@id":"https:\/\/lenzlatam.com\/es\/reclutamiento\/#breadcrumb"},"inLanguage":"es","potentialAction":[{"@type":"ReadAction","target":["https:\/\/lenzlatam.com\/es\/reclutamiento\/"]}]},{"@type":"BreadcrumbList","@id":"https:\/\/lenzlatam.com\/es\/reclutamiento\/#breadcrumb","itemListElement":[{"@type":"ListItem","position":1,"name":"Etusivu","item":"https:\/\/lenzlatam.com\/es\/"},{"@type":"ListItem","position":2,"name":"Reclutamiento"}]},{"@type":"WebSite","@id":"https:\/\/lenzlatam.com\/#website","url":"https:\/\/lenzlatam.com\/","name":"Lenz","description":"Lenz","potentialAction":[{"@type":"SearchAction","target":{"@type":"EntryPoint","urlTemplate":"https:\/\/lenzlatam.com\/?s={search_term_string}"},"query-input":{"@type":"PropertyValueSpecification","valueRequired":true,"valueName":"search_term_string"}}],"inLanguage":"es"}]}},"_links":{"self":[{"href":"https:\/\/lenzlatam.com\/es\/wp-json\/wp\/v2\/pages\/7344"}],"collection":[{"href":"https:\/\/lenzlatam.com\/es\/wp-json\/wp\/v2\/pages"}],"about":[{"href":"https:\/\/lenzlatam.com\/es\/wp-json\/wp\/v2\/types\/page"}],"author":[{"embeddable":true,"href":"https:\/\/lenzlatam.com\/es\/wp-json\/wp\/v2\/users\/1"}],"replies":[{"embeddable":true,"href":"https:\/\/lenzlatam.com\/es\/wp-json\/wp\/v2\/comments?post=7344"}],"version-history":[{"count":6,"href":"https:\/\/lenzlatam.com\/es\/wp-json\/wp\/v2\/pages\/7344\/revisions"}],"predecessor-version":[{"id":7353,"href":"https:\/\/lenzlatam.com\/es\/wp-json\/wp\/v2\/pages\/7344\/revisions\/7353"}],"wp:attachment":[{"href":"https:\/\/lenzlatam.com\/es\/wp-json\/wp\/v2\/media?parent=7344"}],"curies":[{"name":"wp","href":"https:\/\/api.w.org\/{rel}","templated":true}]}}