{"id":4187,"date":"2022-03-25T09:48:34","date_gmt":"2022-03-25T09:48:34","guid":{"rendered":"https:\/\/lenz.fi\/?page_id=4187"},"modified":"2023-09-15T14:19:35","modified_gmt":"2023-09-15T14:19:35","slug":"connect-with-us","status":"publish","type":"page","link":"https:\/\/lenzlatam.com\/fi\/connect-with-us\/","title":{"rendered":"Connect with us! (FIN)"},"content":{"rendered":"<p><div class=\"fusion-fullwidth fullwidth-box fusion-builder-row-1 fusion-flex-container fusion-parallax-none nonhundred-percent-fullwidth non-hundred-percent-height-scrolling lazyload\" style=\"--awb-border-radius-top-left:0px;--awb-border-radius-top-right:0px;--awb-border-radius-bottom-right:0px;--awb-border-radius-bottom-left:0px;--awb-background-size:cover;--awb-flex-wrap:wrap;\" data-bg=\"https:\/\/lenz.fi\/wp-content\/uploads\/2021\/02\/Banneri-himmea-e1613658260550.png\" ><div class=\"fusion-builder-row fusion-row fusion-flex-align-items-flex-start fusion-flex-content-wrap\" style=\"max-width:calc( 1160px + 0px );margin-left: calc(-0px \/ 2 );margin-right: calc(-0px \/ 2 );\"><div class=\"fusion-layout-column fusion_builder_column fusion-builder-column-0 fusion_builder_column_1_1 1_1 fusion-flex-column fusion-animated\" style=\"--awb-bg-size:cover;--awb-width-large:100%;--awb-margin-top-large:0px;--awb-spacing-right-large:0px;--awb-margin-bottom-large:10px;--awb-spacing-left-large:0px;--awb-width-medium:100%;--awb-spacing-right-medium:0px;--awb-spacing-left-medium:0px;--awb-width-small:100%;--awb-spacing-right-small:0px;--awb-spacing-left-small:0px;\" data-animationType=\"fadeInLeft\" data-animationDuration=\"0.8\" data-animationOffset=\"top-into-view\"><div class=\"fusion-column-wrapper fusion-column-has-shadow fusion-flex-justify-content-flex-start fusion-content-layout-column\"><div class=\"fusion-text fusion-text-1\"><h2><span style=\"color: #ffff00;\">L\u00e4het\u00e4 avoin hakemus ja liity hakijaverkostoomme!\u00a0<\/span><\/h2>\n<p><span style=\"font-weight: 400; color: #ffffff;\">Meill\u00e4 Lenzill\u00e4 tavoitteenamme on tukea opiskelijoita ja auttaa heit\u00e4 l\u00f6yt\u00e4m\u00e4\u00e4n aidosti merkityksellisi\u00e4 ty\u00f6paikkoja aiemmasta ty\u00f6kokemuksesta huolimatta. Perinteisesti tarjoamamme ty\u00f6teht\u00e4v\u00e4t ovat tiimity\u00f6skentelyyn pohjautuvia projektit\u00f6it\u00e4, mutta asiakkaidemme puolelta on noussut my\u00f6s huomattavaa tarvetta yksil\u00f6rekryille.\u00a0<\/span><\/p>\n<p><span style=\"font-weight: 400; color: #ffffff;\">Yksil\u00f6rekrytointeihin emme yleens\u00e4 avaa ulkoista rekrytointia, vaan hy\u00f6dynn\u00e4mme olemassa olevia kontaktejamme. Me Lenzill\u00e4 olemmekin aktiivisesti yhteyksiss\u00e4 meist\u00e4 ja meid\u00e4n tarjoamistamme t\u00f6ist\u00e4 kiinnostuneisiin opiskelijoihin ja jatkuvasti kartoitamme sit\u00e4, ett\u00e4 kuka voisi olla se paras tyyppi meid\u00e4n seuraavaan, pienemp\u00e4\u00e4n projektiin. Olemme pelk\u00e4st\u00e4\u00e4n vuonna 2022 olleet yhteyksiss\u00e4 jo kymmeniin eri opiskelijoihin mahdollisten ty\u00f6tarjousten muodossa.<\/span><\/p>\n<p><span style=\"font-weight: 400; color: #ffffff;\">Haluamme kuitenkin jatkuvasti kasvattaa verkostoamme ja tukea yh\u00e4 useampaa opiskelijaa. Sit\u00e4 emme kuitenkaan voi tehd\u00e4 jos emme tied\u00e4 susta mit\u00e4\u00e4n. Nyt onkin siis korkea aika t\u00e4ytt\u00e4\u00e4 Lenzin avoin hakemus 2022 ja auttaa meit\u00e4 l\u00f6yt\u00e4m\u00e4\u00e4n juuri <span style=\"color: #ffff00;\"><strong>sinulle<\/strong> <\/span>merkityksellisi\u00e4 t\u00f6it\u00e4!\u00a0<\/span><\/p>\n<\/div><\/div><\/div><\/div><\/div><div class=\"fusion-fullwidth fullwidth-box fusion-builder-row-2 fusion-flex-container nonhundred-percent-fullwidth non-hundred-percent-height-scrolling\" style=\"--awb-border-radius-top-left:0px;--awb-border-radius-top-right:0px;--awb-border-radius-bottom-right:0px;--awb-border-radius-bottom-left:0px;--awb-flex-wrap:wrap;\" ><div class=\"fusion-builder-row fusion-row fusion-flex-align-items-flex-start fusion-flex-content-wrap\" style=\"max-width:calc( 1160px + 0px );margin-left: calc(-0px \/ 2 );margin-right: calc(-0px \/ 2 );\"><div class=\"fusion-layout-column fusion_builder_column fusion-builder-column-1 fusion_builder_column_1_1 1_1 fusion-flex-column\" style=\"--awb-bg-size:cover;--awb-width-large:100%;--awb-margin-top-large:0px;--awb-spacing-right-large:0px;--awb-margin-bottom-large:0px;--awb-spacing-left-large:0px;--awb-width-medium:100%;--awb-spacing-right-medium:0px;--awb-spacing-left-medium:0px;--awb-width-small:100%;--awb-spacing-right-small:0px;--awb-spacing-left-small:0px;\"><div class=\"fusion-column-wrapper fusion-column-has-shadow fusion-flex-justify-content-flex-start fusion-content-layout-column\"><div style=\"text-align:center;\"><a class=\"fusion-button button-3d button-xlarge button-custom fusion-button-default button-1 fusion-button-default-span \" style=\"--button_bevel_color:#000000;--button_accent_color:#000000;--button_accent_hover_color:var(--awb-color1);--button_border_hover_color:var(--awb-color3);--button_border_width-top:2px;--button_border_width-right:2px;--button_border_width-bottom:2px;--button_border_width-left:2px;--button-border-radius-top-left:8px;--button-border-radius-top-right:8px;--button-border-radius-bottom-right:8px;--button-border-radius-bottom-left:8px;--button_gradient_top_color:#eeee22;--button_gradient_bottom_color:#eeee22;--button_gradient_top_color_hover:var(--awb-color3);--button_gradient_bottom_color_hover:var(--awb-color3);\" target=\"_self\" href=\"https:\/\/ace93.typeform.com\/to\/im4Z5Lb8\"><i class=\"fa-arrow-circle-right fas button-icon-left\" aria-hidden=\"true\"><\/i><span class=\"fusion-button-text\">HAKEMUKSEEN P\u00c4\u00c4SET T\u00c4ST\u00c4<\/span><\/a><\/div><\/div><\/div><\/div><\/div><\/p>\n","protected":false},"excerpt":{"rendered":"","protected":false},"author":1,"featured_media":0,"parent":0,"menu_order":0,"comment_status":"closed","ping_status":"closed","template":"100-width.php","meta":{"footnotes":""},"class_list":["post-4187","page","type-page","status-publish","hentry"],"yoast_head":"<!-- This site is optimized with the Yoast SEO plugin v25.6 - https:\/\/yoast.com\/wordpress\/plugins\/seo\/ -->\n<title>Connect with us! (FIN) - Lenz<\/title>\n<meta name=\"robots\" content=\"index, follow, max-snippet:-1, max-image-preview:large, max-video-preview:-1\" \/>\n<link rel=\"canonical\" href=\"https:\/\/lenzlatam.com\/connect-with-us\/\" \/>\n<meta property=\"og:locale\" content=\"fi_FI\" \/>\n<meta property=\"og:type\" content=\"article\" \/>\n<meta property=\"og:title\" content=\"Connect with us! (FIN) - Lenz\" \/>\n<meta property=\"og:url\" content=\"https:\/\/lenzlatam.com\/connect-with-us\/\" \/>\n<meta property=\"og:site_name\" content=\"Lenz\" \/>\n<meta property=\"article:modified_time\" content=\"2023-09-15T14:19:35+00:00\" \/>\n<meta name=\"twitter:card\" content=\"summary_large_image\" \/>\n<meta name=\"twitter:label1\" content=\"Arvioitu lukuaika\" \/>\n\t<meta name=\"twitter:data1\" content=\"5 minuuttia\" \/>\n<script type=\"application\/ld+json\" class=\"yoast-schema-graph\">{\"@context\":\"https:\/\/schema.org\",\"@graph\":[{\"@type\":\"WebPage\",\"@id\":\"https:\/\/lenzlatam.com\/connect-with-us\/\",\"url\":\"https:\/\/lenzlatam.com\/connect-with-us\/\",\"name\":\"Connect with us! (FIN) - Lenz\",\"isPartOf\":{\"@id\":\"https:\/\/lenzlatam.com\/#website\"},\"datePublished\":\"2022-03-25T09:48:34+00:00\",\"dateModified\":\"2023-09-15T14:19:35+00:00\",\"breadcrumb\":{\"@id\":\"https:\/\/lenzlatam.com\/connect-with-us\/#breadcrumb\"},\"inLanguage\":\"fi\",\"potentialAction\":[{\"@type\":\"ReadAction\",\"target\":[\"https:\/\/lenzlatam.com\/connect-with-us\/\"]}]},{\"@type\":\"BreadcrumbList\",\"@id\":\"https:\/\/lenzlatam.com\/connect-with-us\/#breadcrumb\",\"itemListElement\":[{\"@type\":\"ListItem\",\"position\":1,\"name\":\"Etusivu\",\"item\":\"https:\/\/lenzlatam.com\/\"},{\"@type\":\"ListItem\",\"position\":2,\"name\":\"Connect with us! (FIN)\"}]},{\"@type\":\"WebSite\",\"@id\":\"https:\/\/lenzlatam.com\/#website\",\"url\":\"https:\/\/lenzlatam.com\/\",\"name\":\"Lenz\",\"description\":\"Lenz\",\"potentialAction\":[{\"@type\":\"SearchAction\",\"target\":{\"@type\":\"EntryPoint\",\"urlTemplate\":\"https:\/\/lenzlatam.com\/?s={search_term_string}\"},\"query-input\":{\"@type\":\"PropertyValueSpecification\",\"valueRequired\":true,\"valueName\":\"search_term_string\"}}],\"inLanguage\":\"fi\"}]}<\/script>\n<!-- \/ Yoast SEO plugin. -->","yoast_head_json":{"title":"Connect with us! (FIN) - Lenz","robots":{"index":"index","follow":"follow","max-snippet":"max-snippet:-1","max-image-preview":"max-image-preview:large","max-video-preview":"max-video-preview:-1"},"canonical":"https:\/\/lenzlatam.com\/connect-with-us\/","og_locale":"fi_FI","og_type":"article","og_title":"Connect with us! (FIN) - Lenz","og_url":"https:\/\/lenzlatam.com\/connect-with-us\/","og_site_name":"Lenz","article_modified_time":"2023-09-15T14:19:35+00:00","twitter_card":"summary_large_image","twitter_misc":{"Arvioitu lukuaika":"5 minuuttia"},"schema":{"@context":"https:\/\/schema.org","@graph":[{"@type":"WebPage","@id":"https:\/\/lenzlatam.com\/connect-with-us\/","url":"https:\/\/lenzlatam.com\/connect-with-us\/","name":"Connect with us! (FIN) - Lenz","isPartOf":{"@id":"https:\/\/lenzlatam.com\/#website"},"datePublished":"2022-03-25T09:48:34+00:00","dateModified":"2023-09-15T14:19:35+00:00","breadcrumb":{"@id":"https:\/\/lenzlatam.com\/connect-with-us\/#breadcrumb"},"inLanguage":"fi","potentialAction":[{"@type":"ReadAction","target":["https:\/\/lenzlatam.com\/connect-with-us\/"]}]},{"@type":"BreadcrumbList","@id":"https:\/\/lenzlatam.com\/connect-with-us\/#breadcrumb","itemListElement":[{"@type":"ListItem","position":1,"name":"Etusivu","item":"https:\/\/lenzlatam.com\/"},{"@type":"ListItem","position":2,"name":"Connect with us! (FIN)"}]},{"@type":"WebSite","@id":"https:\/\/lenzlatam.com\/#website","url":"https:\/\/lenzlatam.com\/","name":"Lenz","description":"Lenz","potentialAction":[{"@type":"SearchAction","target":{"@type":"EntryPoint","urlTemplate":"https:\/\/lenzlatam.com\/?s={search_term_string}"},"query-input":{"@type":"PropertyValueSpecification","valueRequired":true,"valueName":"search_term_string"}}],"inLanguage":"fi"}]}},"_links":{"self":[{"href":"https:\/\/lenzlatam.com\/fi\/wp-json\/wp\/v2\/pages\/4187"}],"collection":[{"href":"https:\/\/lenzlatam.com\/fi\/wp-json\/wp\/v2\/pages"}],"about":[{"href":"https:\/\/lenzlatam.com\/fi\/wp-json\/wp\/v2\/types\/page"}],"author":[{"embeddable":true,"href":"https:\/\/lenzlatam.com\/fi\/wp-json\/wp\/v2\/users\/1"}],"replies":[{"embeddable":true,"href":"https:\/\/lenzlatam.com\/fi\/wp-json\/wp\/v2\/comments?post=4187"}],"version-history":[{"count":14,"href":"https:\/\/lenzlatam.com\/fi\/wp-json\/wp\/v2\/pages\/4187\/revisions"}],"predecessor-version":[{"id":7247,"href":"https:\/\/lenzlatam.com\/fi\/wp-json\/wp\/v2\/pages\/4187\/revisions\/7247"}],"wp:attachment":[{"href":"https:\/\/lenzlatam.com\/fi\/wp-json\/wp\/v2\/media?parent=4187"}],"curies":[{"name":"wp","href":"https:\/\/api.w.org\/{rel}","templated":true}]}}