{"id":4218,"date":"2022-04-11T12:34:38","date_gmt":"2022-04-11T12:34:38","guid":{"rendered":"https:\/\/lenz.fi\/?page_id=4218"},"modified":"2023-09-15T15:25:51","modified_gmt":"2023-09-15T15:25:51","slug":"tyonjohtajaharjoittelu","status":"publish","type":"page","link":"https:\/\/lenzlatam.com\/fi\/potentialoverexperience\/tyonjohtajaharjoittelu\/","title":{"rendered":"Ty\u00f6njohtajaharjoittelu (FIN)"},"content":{"rendered":"<p><div class=\"fusion-fullwidth fullwidth-box fusion-builder-row-1 fusion-flex-container fusion-parallax-fixed nonhundred-percent-fullwidth hundred-percent-height hundred-percent-height-center-content non-hundred-percent-height-scrolling lazyload\" style=\"--awb-border-radius-top-left:0px;--awb-border-radius-top-right:0px;--awb-border-radius-bottom-right:0px;--awb-border-radius-bottom-left:0px;--awb-padding-bottom:0px;--awb-background-image:linear-gradient(180deg, #000000 0%,rgba(255,255,255,0) 63%);;--awb-background-size:cover;--awb-flex-wrap:wrap;background-attachment:fixed;\" data-bg=\"https:\/\/lenz.fi\/wp-content\/uploads\/2021\/10\/Nettisivubase.png\" data-bg-gradient=\"linear-gradient(180deg, #000000 0%,rgba(255,255,255,0) 63%)\" ><div class=\"fusion-builder-row fusion-row fusion-flex-align-items-flex-start fusion-flex-align-content-center fusion-flex-content-wrap\" style=\"max-width:calc( 1160px + 0px );margin-left: calc(-0px \/ 2 );margin-right: calc(-0px \/ 2 );\"><div class=\"fusion-layout-column fusion_builder_column fusion-builder-column-0 fusion_builder_column_1_1 1_1 fusion-flex-column\" style=\"--awb-padding-right:93px;--awb-padding-left:93px;--awb-bg-size:cover;--awb-width-large:100%;--awb-margin-top-large:317px;--awb-spacing-right-large:0px;--awb-margin-bottom-large:227px;--awb-spacing-left-large:0px;--awb-width-medium:100%;--awb-spacing-right-medium:0px;--awb-spacing-left-medium:0px;--awb-width-small:100%;--awb-spacing-right-small:0px;--awb-spacing-left-small:0px;\"><div class=\"fusion-column-wrapper fusion-column-has-shadow fusion-flex-justify-content-flex-start fusion-content-layout-column\"><div class=\"fusion-text fusion-text-1\"><h2 style=\"text-align: center;\"><span style=\"color: #ffff00;\">Haku ty\u00f6njohtajaharjoitteluun kes\u00e4lle 2022 on nyt auki!<\/span><\/h2>\n<\/div><\/div><\/div><\/div><\/div><div class=\"fusion-fullwidth fullwidth-box fusion-builder-row-2 fusion-flex-container nonhundred-percent-fullwidth non-hundred-percent-height-scrolling\" style=\"--awb-border-radius-top-left:0px;--awb-border-radius-top-right:0px;--awb-border-radius-bottom-right:0px;--awb-border-radius-bottom-left:0px;--awb-margin-top:78px;--awb-flex-wrap:wrap;\" ><div class=\"fusion-builder-row fusion-row fusion-flex-align-items-flex-start fusion-flex-content-wrap\" style=\"max-width:calc( 1160px + 0px );margin-left: calc(-0px \/ 2 );margin-right: calc(-0px \/ 2 );\"><div class=\"fusion-layout-column fusion_builder_column fusion-builder-column-1 fusion_builder_column_1_1 1_1 fusion-flex-column\" style=\"--awb-padding-right:160px;--awb-padding-left:160px;--awb-bg-size:cover;--awb-width-large:100%;--awb-margin-top-large:71px;--awb-spacing-right-large:0px;--awb-margin-bottom-large:71px;--awb-spacing-left-large:0px;--awb-width-medium:100%;--awb-spacing-right-medium:0px;--awb-spacing-left-medium:0px;--awb-width-small:100%;--awb-spacing-right-small:0px;--awb-spacing-left-small:0px;\"><div class=\"fusion-column-wrapper fusion-column-has-shadow fusion-flex-justify-content-flex-start fusion-content-layout-column\"><div class=\"fusion-text fusion-text-2\"><div class=\"fusion-text\">\n<p><span style=\"color: #ffffff;\">Oletko valmis hypp\u00e4\u00e4m\u00e4\u00e4n ty\u00f6njohtajan saappaisiin? Ent\u00e4 kuvailevatko yst\u00e4v\u00e4si sinua oma-aloitteiseksi ja energiseksi tekij\u00e4ksi, joka ei pelk\u00e4\u00e4 tarttua haasteisiin? Kenties olet jopa jo ottanut askeleita urapolullasi esimerkiksi vihert\u00f6iden tai kiinteist\u00f6huolto-alueiden kunnossapidossa!\u00a0<b><\/b><\/span><\/p>\n<p><span style=\"color: #ffffff;\">Harjoittelu toteutetaan Suomessa valtakunnallisesti toimivalle perheyritykselle, joka toimii kiinteist\u00f6nhoito- ja infrapalvelu -alalla.\u00a0Harjoittelijana sinun teht\u00e4v\u00e4n\u00e4 on toimia nykyisten ty\u00f6njohtajien tukena. Harjoittelu ei siis ole mit\u00e4\u00e4n kahvin keitt\u00e4mist\u00e4, vaan harjoittelun aikana p\u00e4\u00e4see tekem\u00e4\u00e4n ihan samoja hommia, kuin varsinaiset ty\u00f6njohtajat. Ty\u00f6teht\u00e4viisi voi kuulua esimerkiksi dokumentoimaan tilaajille, laatimaan raportteja, piirt\u00e4m\u00e4\u00e4n karttoja, tekem\u00e4\u00e4n tuntitarkistuksia ja k\u00e4sittelem\u00e4\u00e4n palautteita. Teht\u00e4vien painotus riippuu pitk\u00e4lti sinun omista valmiuksista ja intresseist\u00e4.\u00a0<b><\/b><\/span><\/p>\n<p><span style=\"color: #ffffff;\">Ty\u00f6skentelyst\u00e4 noin puolet ajasta tapahtuu kent\u00e4ll\u00e4 ja loput ajasta tulet ty\u00f6skentelem\u00e4\u00e4n toimistolla. Ty\u00f6skentelypisteet sijaitsevat PK-seudulla ja sen l\u00e4hettyvill\u00e4. Ty\u00f6h\u00f6n kuuluu ty\u00f6pisteiden v\u00e4lill\u00e4 kulkemista, joten ajokortti (B) on siksi harjoittelun kannalta kriittinen. C-kortti katsotaan eduksi, jos sellainen l\u00f6ytyy!\u00a0<\/span><\/p>\n<h3 data-fontsize=\"26\" data-lineheight=\"33\"><span style=\"color: #ffff00;\"><b>Harjoittelun tavoitteena on:<\/b><\/span><\/h3>\n<ul>\n<li aria-level=\"1\"><span style=\"color: #ffffff;\">Kehitty\u00e4 ty\u00f6njohdon ammattilaiseksi\u00a0<\/span><\/li>\n<li aria-level=\"1\"><span style=\"color: #ffffff;\">Oppia ty\u00f6njohtajan ty\u00f6teht\u00e4vist\u00e4<\/span><\/li>\n<li aria-level=\"1\"><span style=\"color: #ffffff;\">T\u00e4sment\u00e4\u00e4 omaa ammatti-identiteetti\u00e4<\/span><\/li>\n<li aria-level=\"1\"><span style=\"color: #ffffff;\">Saada k\u00e4yt\u00e4nn\u00f6n kokemusta ty\u00f6njohtajana toimimisesta<\/span><\/li>\n<\/ul>\n<h3 data-fontsize=\"26\" data-lineheight=\"33\"><span style=\"color: #ffff00;\"><b>Aikataulu<\/b><\/span><\/h3>\n<ul>\n<li aria-level=\"1\"><span style=\"color: #ffffff;\">Aikataulullisesti joustava<\/span><\/li>\n<li aria-level=\"1\"><span style=\"color: #ffffff;\">Esimerkiksi toukokuun alusta n. 4-5 kuukautta eteenp\u00e4in<\/span><\/li>\n<\/ul>\n<\/div>\n<div class=\"fusion-title title fusion-title-2 fusion-sep-none fusion-title-text fusion-title-size-three fusion-border-below-title\">\n<h3 class=\"title-heading-left\" data-fontsize=\"26\" data-lineheight=\"33\"><span style=\"color: #ffff00;\">Roolikuvaus<\/span><\/h3>\n<\/div>\n<div class=\"fusion-text\">\n<ul>\n<li aria-level=\"1\"><span style=\"color: #ffffff;\">Intohimoinen kehittym\u00e4\u00e4n ty\u00f6njohdon raudanlujaksi ammattilaiseksi<\/span><\/li>\n<li aria-level=\"1\"><span style=\"color: #ffffff;\">AMK-opiskelija tai vastavalmistunut (esim. rakennustekniikan insin\u00f6\u00f6ri, yhdyskuntateknikko, logistiikka tai muu vastaava)<\/span><\/li>\n<li aria-level=\"1\"><span style=\"color: #ffffff;\">Nopea oppimaan, oma-aloitteinen, rohkea ja sinulla on hyv\u00e4t vuorovaikutustaidot<\/span><\/li>\n<li aria-level=\"1\"><span style=\"color: #ffffff;\">Valmis ty\u00f6skentelem\u00e4\u00e4n PK-seudulla ja kehyskunnissa<\/span><\/li>\n<li aria-level=\"1\"><span style=\"color: #ffffff;\">B- tai C-ajokortillinen<\/span><\/li>\n<li aria-level=\"1\"><span style=\"color: #ffffff;\">Ensiapu- ja ty\u00f6turvallisuuskortillinen<\/span>\n<ul>\n<li aria-level=\"2\"><span style=\"color: #ffffff;\">Huom. voit suorittaa ty\u00f6turvallisuus- ja ensiapukurssit helposti verkossa ennen harjoittelun alkua, mik\u00e4li et niit\u00e4 ole suorittanut<\/span><\/li>\n<\/ul>\n<\/li>\n<\/ul>\n<p><span style=\"color: #ffffff;\">Ty\u00f6t ovat ajoittain raskaita ja vaativat rohkeaa asennetta. Sopiva henkil\u00f6 t\u00e4h\u00e4n harjoitteluun on oma-aloitteinen, reipas ja positiivinen, joka jakaa energiaa omalla olemuksellaan. Ty\u00f6ss\u00e4 tulet kohtaamaan erilaisia ihmisi\u00e4, joten edellyt\u00e4mme sinulta hyvi\u00e4 vuorovaikutustaitoja. Toivomme sinun olevan valmis tekem\u00e4\u00e4n hommia my\u00f6s kent\u00e4ll\u00e4. Haluamme tekij\u00e4n, joka on osa ainutlaatuista kasvutarinaamme. Harjoittelun j\u00e4lkeen sinulla on hyv\u00e4 mahdollisuus jatkaa ty\u00f6suhdetta asiakkaalla.\u00a0<\/span><\/p>\n<\/div>\n<\/div><div style=\"text-align:center;\"><a class=\"fusion-button button-flat button-large button-custom fusion-button-default button-1 fusion-button-default-span fusion-button-default-type\" style=\"--button_accent_color:#000000;--button_accent_hover_color:var(--awb-color1);--button_border_hover_color:var(--awb-color3);--button_border_width-top:3px;--button_border_width-right:3px;--button_border_width-bottom:3px;--button_border_width-left:3px;--button-border-radius-top-left:8px;--button-border-radius-top-right:8px;--button-border-radius-bottom-right:8px;--button-border-radius-bottom-left:8px;--button_gradient_top_color:#eeee22;--button_gradient_bottom_color:#eeee22;--button_gradient_top_color_hover:#eeee22;--button_gradient_bottom_color_hover:#eeee22;\" target=\"_self\" href=\"https:\/\/ace93.typeform.com\/to\/e4LWlwfG\"><i class=\"fa-arrow-alt-circle-right fas button-icon-left\" aria-hidden=\"true\"><\/i><span class=\"fusion-button-text\">HAKEMUKSEEN P\u00c4\u00c4SET T\u00c4ST\u00c4<\/span><\/a><\/div><\/div><\/div><\/div><\/div><\/p>\n","protected":false},"excerpt":{"rendered":"","protected":false},"author":1,"featured_media":0,"parent":3200,"menu_order":0,"comment_status":"closed","ping_status":"closed","template":"100-width.php","meta":{"footnotes":""},"class_list":["post-4218","page","type-page","status-publish","hentry"],"yoast_head":"<!-- This site is optimized with the Yoast SEO plugin v25.6 - https:\/\/yoast.com\/wordpress\/plugins\/seo\/ -->\n<title>Ty\u00f6njohtajaharjoittelu (FIN) - Lenz<\/title>\n<meta name=\"robots\" content=\"index, follow, max-snippet:-1, max-image-preview:large, max-video-preview:-1\" \/>\n<link rel=\"canonical\" href=\"https:\/\/lenzlatam.com\/potentialoverexperience\/tyonjohtajaharjoittelu\/\" \/>\n<meta property=\"og:locale\" content=\"fi_FI\" \/>\n<meta property=\"og:type\" content=\"article\" \/>\n<meta property=\"og:title\" content=\"Ty\u00f6njohtajaharjoittelu (FIN) - Lenz\" \/>\n<meta property=\"og:url\" content=\"https:\/\/lenzlatam.com\/potentialoverexperience\/tyonjohtajaharjoittelu\/\" \/>\n<meta property=\"og:site_name\" content=\"Lenz\" \/>\n<meta property=\"article:modified_time\" content=\"2023-09-15T15:25:51+00:00\" \/>\n<meta name=\"twitter:card\" content=\"summary_large_image\" \/>\n<meta name=\"twitter:label1\" content=\"Arvioitu lukuaika\" \/>\n\t<meta name=\"twitter:data1\" content=\"6 minuuttia\" \/>\n<script type=\"application\/ld+json\" class=\"yoast-schema-graph\">{\"@context\":\"https:\/\/schema.org\",\"@graph\":[{\"@type\":\"WebPage\",\"@id\":\"https:\/\/lenzlatam.com\/potentialoverexperience\/tyonjohtajaharjoittelu\/\",\"url\":\"https:\/\/lenzlatam.com\/potentialoverexperience\/tyonjohtajaharjoittelu\/\",\"name\":\"Ty\u00f6njohtajaharjoittelu (FIN) - Lenz\",\"isPartOf\":{\"@id\":\"https:\/\/lenzlatam.com\/#website\"},\"datePublished\":\"2022-04-11T12:34:38+00:00\",\"dateModified\":\"2023-09-15T15:25:51+00:00\",\"breadcrumb\":{\"@id\":\"https:\/\/lenzlatam.com\/potentialoverexperience\/tyonjohtajaharjoittelu\/#breadcrumb\"},\"inLanguage\":\"fi\",\"potentialAction\":[{\"@type\":\"ReadAction\",\"target\":[\"https:\/\/lenzlatam.com\/potentialoverexperience\/tyonjohtajaharjoittelu\/\"]}]},{\"@type\":\"BreadcrumbList\",\"@id\":\"https:\/\/lenzlatam.com\/potentialoverexperience\/tyonjohtajaharjoittelu\/#breadcrumb\",\"itemListElement\":[{\"@type\":\"ListItem\",\"position\":1,\"name\":\"Etusivu\",\"item\":\"https:\/\/lenzlatam.com\/\"},{\"@type\":\"ListItem\",\"position\":2,\"name\":\"Potential over Experience\",\"item\":\"https:\/\/lenzlatam.com\/potentialoverexperience\/\"},{\"@type\":\"ListItem\",\"position\":3,\"name\":\"Ty\u00f6njohtajaharjoittelu (FIN)\"}]},{\"@type\":\"WebSite\",\"@id\":\"https:\/\/lenzlatam.com\/#website\",\"url\":\"https:\/\/lenzlatam.com\/\",\"name\":\"Lenz\",\"description\":\"Lenz\",\"potentialAction\":[{\"@type\":\"SearchAction\",\"target\":{\"@type\":\"EntryPoint\",\"urlTemplate\":\"https:\/\/lenzlatam.com\/?s={search_term_string}\"},\"query-input\":{\"@type\":\"PropertyValueSpecification\",\"valueRequired\":true,\"valueName\":\"search_term_string\"}}],\"inLanguage\":\"fi\"}]}<\/script>\n<!-- \/ Yoast SEO plugin. -->","yoast_head_json":{"title":"Ty\u00f6njohtajaharjoittelu (FIN) - Lenz","robots":{"index":"index","follow":"follow","max-snippet":"max-snippet:-1","max-image-preview":"max-image-preview:large","max-video-preview":"max-video-preview:-1"},"canonical":"https:\/\/lenzlatam.com\/potentialoverexperience\/tyonjohtajaharjoittelu\/","og_locale":"fi_FI","og_type":"article","og_title":"Ty\u00f6njohtajaharjoittelu (FIN) - Lenz","og_url":"https:\/\/lenzlatam.com\/potentialoverexperience\/tyonjohtajaharjoittelu\/","og_site_name":"Lenz","article_modified_time":"2023-09-15T15:25:51+00:00","twitter_card":"summary_large_image","twitter_misc":{"Arvioitu lukuaika":"6 minuuttia"},"schema":{"@context":"https:\/\/schema.org","@graph":[{"@type":"WebPage","@id":"https:\/\/lenzlatam.com\/potentialoverexperience\/tyonjohtajaharjoittelu\/","url":"https:\/\/lenzlatam.com\/potentialoverexperience\/tyonjohtajaharjoittelu\/","name":"Ty\u00f6njohtajaharjoittelu (FIN) - Lenz","isPartOf":{"@id":"https:\/\/lenzlatam.com\/#website"},"datePublished":"2022-04-11T12:34:38+00:00","dateModified":"2023-09-15T15:25:51+00:00","breadcrumb":{"@id":"https:\/\/lenzlatam.com\/potentialoverexperience\/tyonjohtajaharjoittelu\/#breadcrumb"},"inLanguage":"fi","potentialAction":[{"@type":"ReadAction","target":["https:\/\/lenzlatam.com\/potentialoverexperience\/tyonjohtajaharjoittelu\/"]}]},{"@type":"BreadcrumbList","@id":"https:\/\/lenzlatam.com\/potentialoverexperience\/tyonjohtajaharjoittelu\/#breadcrumb","itemListElement":[{"@type":"ListItem","position":1,"name":"Etusivu","item":"https:\/\/lenzlatam.com\/"},{"@type":"ListItem","position":2,"name":"Potential over Experience","item":"https:\/\/lenzlatam.com\/potentialoverexperience\/"},{"@type":"ListItem","position":3,"name":"Ty\u00f6njohtajaharjoittelu (FIN)"}]},{"@type":"WebSite","@id":"https:\/\/lenzlatam.com\/#website","url":"https:\/\/lenzlatam.com\/","name":"Lenz","description":"Lenz","potentialAction":[{"@type":"SearchAction","target":{"@type":"EntryPoint","urlTemplate":"https:\/\/lenzlatam.com\/?s={search_term_string}"},"query-input":{"@type":"PropertyValueSpecification","valueRequired":true,"valueName":"search_term_string"}}],"inLanguage":"fi"}]}},"_links":{"self":[{"href":"https:\/\/lenzlatam.com\/fi\/wp-json\/wp\/v2\/pages\/4218"}],"collection":[{"href":"https:\/\/lenzlatam.com\/fi\/wp-json\/wp\/v2\/pages"}],"about":[{"href":"https:\/\/lenzlatam.com\/fi\/wp-json\/wp\/v2\/types\/page"}],"author":[{"embeddable":true,"href":"https:\/\/lenzlatam.com\/fi\/wp-json\/wp\/v2\/users\/1"}],"replies":[{"embeddable":true,"href":"https:\/\/lenzlatam.com\/fi\/wp-json\/wp\/v2\/comments?post=4218"}],"version-history":[{"count":10,"href":"https:\/\/lenzlatam.com\/fi\/wp-json\/wp\/v2\/pages\/4218\/revisions"}],"predecessor-version":[{"id":7266,"href":"https:\/\/lenzlatam.com\/fi\/wp-json\/wp\/v2\/pages\/4218\/revisions\/7266"}],"up":[{"embeddable":true,"href":"https:\/\/lenzlatam.com\/fi\/wp-json\/wp\/v2\/pages\/3200"}],"wp:attachment":[{"href":"https:\/\/lenzlatam.com\/fi\/wp-json\/wp\/v2\/media?parent=4218"}],"curies":[{"name":"wp","href":"https:\/\/api.w.org\/{rel}","templated":true}]}}