{"id":4239,"date":"2022-04-13T11:35:15","date_gmt":"2022-04-13T11:35:15","guid":{"rendered":"https:\/\/lenz.fi\/?page_id=4239"},"modified":"2023-09-15T14:18:41","modified_gmt":"2023-09-15T14:18:41","slug":"ecommerce-spesialisti","status":"publish","type":"page","link":"https:\/\/lenzlatam.com\/fi\/potentialoverexperience\/ecommerce-spesialisti\/","title":{"rendered":"eCommerce-spesialisti (FIN)"},"content":{"rendered":"<p><div class=\"fusion-fullwidth fullwidth-box fusion-builder-row-1 fusion-flex-container fusion-parallax-fixed nonhundred-percent-fullwidth hundred-percent-height hundred-percent-height-center-content non-hundred-percent-height-scrolling lazyload\" style=\"--awb-border-radius-top-left:0px;--awb-border-radius-top-right:0px;--awb-border-radius-bottom-right:0px;--awb-border-radius-bottom-left:0px;--awb-padding-bottom:0px;--awb-background-image:linear-gradient(180deg, #000000 0%,rgba(255,255,255,0) 63%);;--awb-background-size:cover;--awb-flex-wrap:wrap;background-attachment:fixed;\" data-bg=\"https:\/\/lenz.fi\/wp-content\/uploads\/2021\/10\/Nettisivubase.png\" data-bg-gradient=\"linear-gradient(180deg, #000000 0%,rgba(255,255,255,0) 63%)\" ><div class=\"fusion-builder-row fusion-row fusion-flex-align-items-flex-start fusion-flex-align-content-center fusion-flex-content-wrap\" style=\"max-width:calc( 1160px + 0px );margin-left: calc(-0px \/ 2 );margin-right: calc(-0px \/ 2 );\"><div class=\"fusion-layout-column fusion_builder_column fusion-builder-column-0 fusion_builder_column_1_1 1_1 fusion-flex-column\" style=\"--awb-padding-right:93px;--awb-padding-left:93px;--awb-bg-size:cover;--awb-width-large:100%;--awb-margin-top-large:317px;--awb-spacing-right-large:0px;--awb-margin-bottom-large:227px;--awb-spacing-left-large:0px;--awb-width-medium:100%;--awb-spacing-right-medium:0px;--awb-spacing-left-medium:0px;--awb-width-small:100%;--awb-spacing-right-small:0px;--awb-spacing-left-small:0px;\"><div class=\"fusion-column-wrapper fusion-column-has-shadow fusion-flex-justify-content-flex-start fusion-content-layout-column\"><div class=\"fusion-text fusion-text-1\"><h2 style=\"text-align: center;\"><span style=\"color: #ffff00;\">Oletko kiinnostunut digimarkkinoinnin ty\u00f6kaluista ja B2B-toiminnasta?<\/span><\/h2>\n<\/div><\/div><\/div><\/div><\/div><div class=\"fusion-fullwidth fullwidth-box fusion-builder-row-2 fusion-flex-container nonhundred-percent-fullwidth non-hundred-percent-height-scrolling\" style=\"--awb-border-radius-top-left:0px;--awb-border-radius-top-right:0px;--awb-border-radius-bottom-right:0px;--awb-border-radius-bottom-left:0px;--awb-margin-top:78px;--awb-flex-wrap:wrap;\" ><div class=\"fusion-builder-row fusion-row fusion-flex-align-items-flex-start fusion-flex-content-wrap\" style=\"max-width:calc( 1160px + 0px );margin-left: calc(-0px \/ 2 );margin-right: calc(-0px \/ 2 );\"><div class=\"fusion-layout-column fusion_builder_column fusion-builder-column-1 fusion_builder_column_1_1 1_1 fusion-flex-column\" style=\"--awb-padding-right:160px;--awb-padding-left:160px;--awb-bg-size:cover;--awb-width-large:100%;--awb-margin-top-large:71px;--awb-spacing-right-large:0px;--awb-margin-bottom-large:71px;--awb-spacing-left-large:0px;--awb-width-medium:100%;--awb-spacing-right-medium:0px;--awb-spacing-left-medium:0px;--awb-width-small:100%;--awb-spacing-right-small:0px;--awb-spacing-left-small:0px;\"><div class=\"fusion-column-wrapper fusion-column-has-shadow fusion-flex-justify-content-flex-start fusion-content-layout-column\"><div class=\"fusion-text fusion-text-2\"><p><span style=\"font-weight: 400;\"><span style=\"color: #ffffff;\">Tulevaisuuden verkkokauppa -projektissa<\/span> <span style=\"color: #ffff00;\">eCommerce-spesialistin<\/span> <span style=\"color: #ffffff;\">roolissa p\u00e4\u00e4set yhdess\u00e4 tiimisi kanssa kehitt\u00e4m\u00e4\u00e4n asiakkaan B2B-verkkokaupan asiakasymm\u00e4rryst\u00e4 ja markkinointia. Projekti toteutetaan kansainv\u00e4liselle suomalaiselle perheyritykselle, joka toimii p\u00e4ivitt\u00e4istavaratukkutoiminnan alalla. Haluamme Lenziss\u00e4 painottaa hakijan kiinnostusta ja kutsumusta itse projektia ja roolia kohtaan, mink\u00e4 vuoksi asiakasyrityksen nimi kerrotaan hakijoille vasta haastatteluvaiheessa.\u00a0<\/span><\/span><\/p>\n<p><span style=\"font-weight: 400; color: #ffffff;\">Projektissa p\u00e4\u00e4set yhdess\u00e4 tiimisi kanssa kehitt\u00e4m\u00e4\u00e4n asiakkaan asiakkuudenhallintaj\u00e4rjestelm\u00e4n, Hubspotin, k\u00e4ytt\u00f6\u00e4. Ty\u00f6 tulee sis\u00e4lt\u00e4m\u00e4\u00e4n mm. dokumentointia, digimarkkinointia ja eri markkinointiviestien AB-testausta. Projektin perimm\u00e4isen\u00e4 tavoitteena on aktivoida passiivisia ja harvoin ostavia asiakkaita tilaamaan useammin verkkokaupasta. T\u00e4m\u00e4 onnistuu paremman asiakasymm\u00e4rryksen ja analytiikan avulla, jonka avulla voidaan luoda johdettavampaa ja osuvampaa markkinointia.\u00a0<\/span><\/p>\n<p><span style=\"font-weight: 400; color: #ffffff;\">Tiimiin kuuluu sinun, eli eCommerce-spesialistin, lis\u00e4ksi sis\u00e4ll\u00f6ntuottaja ja projektip\u00e4\u00e4llikk\u00f6, joten et joudu kohtaamaan haasteita yksin! Projekti alkaa nopealla tahdilla jo toukokuun alussa (aloituksesta voidaan tarpeen tullen joustaa muutamia viikkoja) ja jatkuu t\u00e4ysip\u00e4iv\u00e4isen\u00e4 kes\u00e4n ajan. Ty\u00f6st\u00e4 maksetaan kilpailukykyinen tuntihinta, joka on <span style=\"color: #ffff00;\">24e\/h<\/span>.\u00a0<\/span><\/p>\n<p><span style=\"font-weight: 400;\"><span style=\"color: #ffffff;\">Asiakkaamme ei halua p\u00e4\u00e4st\u00e4\u00e4 kovasta tekij\u00e4st\u00e4 irti, joten sinun tulisi pysty\u00e4 jatkamaan roolissa my\u00f6s kes\u00e4n j\u00e4lkeen.\u00a0<\/span>\u00a0<\/span><\/p>\n<h3><span style=\"font-weight: 400;\"><strong><span style=\"color: #ffff00;\">Olet kiinnostunut<\/span><\/strong><\/span><\/h3>\n<ul>\n<li style=\"font-weight: 400;\" aria-level=\"1\"><span style=\"font-weight: 400; color: #ffffff;\">Digimarkkinointity\u00f6kaluista (mm. Google Analytics, Tag manager, SEO\/SEM)<\/span><\/li>\n<li style=\"font-weight: 400;\" aria-level=\"1\"><span style=\"font-weight: 400; color: #ffffff;\">Yritysten v\u00e4lisist\u00e4 B2B toiminnoista &#8211; pid\u00e4t asioiden analysoinnista datan ja mittaustulosten avulla, etk\u00e4 tyydy t\u00e4rkeiss\u00e4 asioissa mutuiluun<\/span><\/li>\n<li style=\"font-weight: 400;\" aria-level=\"1\"><span style=\"font-weight: 400; color: #ffffff;\">AB-testaamisesta<\/span><\/li>\n<li style=\"font-weight: 400;\" aria-level=\"1\"><span style=\"font-weight: 400; color: #ffffff;\">Asiakasdataan tutustumisesta ja syv\u00e4llisen ymm\u00e4rryksen ja oivallistusten saamisesta<\/span><\/li>\n<li style=\"font-weight: 400;\" aria-level=\"1\"><span style=\"font-weight: 400; color: #ffffff;\">Haluat oppia hakukoneoptimoinnista, yritysten v\u00e4lisest\u00e4 yhteisty\u00f6st\u00e4 ja digimarkkinoinnista<\/span><\/li>\n<li style=\"font-weight: 400;\" aria-level=\"1\"><span style=\"font-weight: 400; color: #ffffff;\">Haluat olla edell\u00e4k\u00e4vij\u00e4 digitalisaation hy\u00f6dynt\u00e4misess\u00e4 liiketoiminnassa<\/span><\/li>\n<\/ul>\n<h3><strong><span style=\"color: #ffff00;\">Roolin ty\u00f6nkuva<\/span><\/strong><\/h3>\n<ul>\n<li style=\"font-weight: 400;\" aria-level=\"1\"><span style=\"font-weight: 400; color: #ffffff;\">Roolissa sinusta tulee asiakkaan CRM-j\u00e4rjestelm\u00e4n (Hubspot) p\u00e4\u00e4k\u00e4ytt\u00e4j\u00e4<\/span><\/li>\n<li style=\"font-weight: 400;\" aria-level=\"1\"><span style=\"font-weight: 400; color: #ffffff;\">Osaat tehd\u00e4 hyvi\u00e4 p\u00e4\u00e4t\u00f6ksi\u00e4 Hubspotin ty\u00f6kalujen k\u00e4ytt\u00e4misest\u00e4 ja kykenet kommunikoimaan tuloksia muille, sek\u00e4 dokumentoimaan ty\u00f6n vaiheita.<\/span><\/li>\n<li style=\"font-weight: 400;\" aria-level=\"1\"><span style=\"font-weight: 400; color: #ffffff;\">Verkkokaupan analytiikan seuranta ja raportointi GA:lla<\/span><\/li>\n<li style=\"font-weight: 400;\" aria-level=\"1\"><span style=\"font-weight: 400; color: #ffffff;\">Markkinoinnin automatisoinnin mahdollisuuksien selvitt\u00e4minen Hubspotilla<\/span><\/li>\n<li style=\"font-weight: 400;\" aria-level=\"1\"><span style=\"font-weight: 400; color: #ffffff;\">Yksinkertaista hakukoneoptimointia<\/span><\/li>\n<\/ul>\n<h3><strong><span style=\"color: #ffff00;\">Roolissa arvostetaan&#8230;<\/span><\/strong><\/h3>\n<ul>\n<li style=\"font-weight: 400;\" aria-level=\"1\"><span style=\"font-weight: 400; color: #ffffff;\">Innokkuutta uuden oppimiseen<\/span><\/li>\n<li style=\"font-weight: 400;\" aria-level=\"1\"><span style=\"font-weight: 400; color: #ffffff;\">Ep\u00e4tietoisuuden siet\u00e4mist\u00e4. Ty\u00f6h\u00f6si tulee kuulumaan juuri ep\u00e4j\u00e4rjestyksen hallintaa ja j\u00e4rjestely\u00e4 sek\u00e4 dokumentointia &#8211; t\u00e4m\u00e4n vuoksi on t\u00e4rke\u00e4\u00e4, ett\u00e4 se ei laamannuta sinua, vaan enemminkin motivoi<\/span><\/li>\n<li style=\"font-weight: 400;\" aria-level=\"1\"><span style=\"font-weight: 400; color: #ffffff;\">Roolissa on hy\u00f6ty\u00e4 siit\u00e4, ett\u00e4 pystyt luomaan j\u00e4rjestyst\u00e4 kaaokseen. Pystyt selitt\u00e4m\u00e4\u00e4n monimutkaisista asioista siten, ett\u00e4 asiaan perehtym\u00e4tt\u00f6m\u00e4tkin voivat ymm\u00e4rt\u00e4\u00e4 olennaisen sis\u00e4ll\u00f6n. Pystyt kirkastamaan ajatuksesi toimivaksi ja selke\u00e4ksi viestiksi ulkopuolisillekin<\/span><\/li>\n<li aria-level=\"1\"><span style=\"color: #ffffff;\">Hakijaa, joka on<\/span> <span style=\"color: #ffff00;\">opintojensa loppupuolella<\/span><span style=\"color: #ffffff;\">; asiakkaalla on halu saada rooliin henkil\u00f6, joka pystyy jatkamaan t\u00e4ysip\u00e4iv\u00e4isesti my\u00f6s kes\u00e4n j\u00e4lkeen<\/span><\/li>\n<\/ul>\n<\/div><div style=\"text-align:center;\"><a class=\"fusion-button button-flat button-large button-custom fusion-button-default button-1 fusion-button-default-span fusion-button-default-type\" style=\"--button_accent_color:#000000;--button_accent_hover_color:var(--awb-color1);--button_border_hover_color:var(--awb-color3);--button_border_width-top:3px;--button_border_width-right:3px;--button_border_width-bottom:3px;--button_border_width-left:3px;--button-border-radius-top-left:8px;--button-border-radius-top-right:8px;--button-border-radius-bottom-right:8px;--button-border-radius-bottom-left:8px;--button_gradient_top_color:#eeee22;--button_gradient_bottom_color:#eeee22;--button_gradient_top_color_hover:#eeee22;--button_gradient_bottom_color_hover:#eeee22;\" target=\"_self\" href=\"https:\/\/ace93.typeform.com\/to\/kt5SODeR\"><i class=\"fa-arrow-alt-circle-right fas button-icon-left\" aria-hidden=\"true\"><\/i><span class=\"fusion-button-text\">HAKEMUKSEEN P\u00c4\u00c4SET T\u00c4ST\u00c4<\/span><\/a><\/div><\/div><\/div><\/div><\/div><\/p>\n","protected":false},"excerpt":{"rendered":"","protected":false},"author":1,"featured_media":0,"parent":3200,"menu_order":0,"comment_status":"closed","ping_status":"closed","template":"100-width.php","meta":{"footnotes":""},"class_list":["post-4239","page","type-page","status-publish","hentry"],"yoast_head":"<!-- This site is optimized with the Yoast SEO plugin v25.6 - https:\/\/yoast.com\/wordpress\/plugins\/seo\/ -->\n<title>eCommerce-spesialisti (FIN) - Lenz<\/title>\n<meta name=\"robots\" content=\"index, follow, max-snippet:-1, max-image-preview:large, max-video-preview:-1\" \/>\n<link rel=\"canonical\" href=\"https:\/\/lenzlatam.com\/potentialoverexperience\/ecommerce-spesialisti\/\" \/>\n<meta property=\"og:locale\" content=\"fi_FI\" \/>\n<meta property=\"og:type\" content=\"article\" \/>\n<meta property=\"og:title\" content=\"eCommerce-spesialisti (FIN) - Lenz\" \/>\n<meta property=\"og:url\" content=\"https:\/\/lenzlatam.com\/potentialoverexperience\/ecommerce-spesialisti\/\" \/>\n<meta property=\"og:site_name\" content=\"Lenz\" \/>\n<meta property=\"article:modified_time\" content=\"2023-09-15T14:18:41+00:00\" \/>\n<meta name=\"twitter:card\" content=\"summary_large_image\" \/>\n<meta name=\"twitter:label1\" content=\"Arvioitu lukuaika\" \/>\n\t<meta name=\"twitter:data1\" content=\"6 minuuttia\" \/>\n<script type=\"application\/ld+json\" class=\"yoast-schema-graph\">{\"@context\":\"https:\/\/schema.org\",\"@graph\":[{\"@type\":\"WebPage\",\"@id\":\"https:\/\/lenzlatam.com\/potentialoverexperience\/ecommerce-spesialisti\/\",\"url\":\"https:\/\/lenzlatam.com\/potentialoverexperience\/ecommerce-spesialisti\/\",\"name\":\"eCommerce-spesialisti (FIN) - Lenz\",\"isPartOf\":{\"@id\":\"https:\/\/lenzlatam.com\/#website\"},\"datePublished\":\"2022-04-13T11:35:15+00:00\",\"dateModified\":\"2023-09-15T14:18:41+00:00\",\"breadcrumb\":{\"@id\":\"https:\/\/lenzlatam.com\/potentialoverexperience\/ecommerce-spesialisti\/#breadcrumb\"},\"inLanguage\":\"fi\",\"potentialAction\":[{\"@type\":\"ReadAction\",\"target\":[\"https:\/\/lenzlatam.com\/potentialoverexperience\/ecommerce-spesialisti\/\"]}]},{\"@type\":\"BreadcrumbList\",\"@id\":\"https:\/\/lenzlatam.com\/potentialoverexperience\/ecommerce-spesialisti\/#breadcrumb\",\"itemListElement\":[{\"@type\":\"ListItem\",\"position\":1,\"name\":\"Etusivu\",\"item\":\"https:\/\/lenzlatam.com\/\"},{\"@type\":\"ListItem\",\"position\":2,\"name\":\"Potential over Experience\",\"item\":\"https:\/\/lenzlatam.com\/potentialoverexperience\/\"},{\"@type\":\"ListItem\",\"position\":3,\"name\":\"eCommerce-spesialisti (FIN)\"}]},{\"@type\":\"WebSite\",\"@id\":\"https:\/\/lenzlatam.com\/#website\",\"url\":\"https:\/\/lenzlatam.com\/\",\"name\":\"Lenz\",\"description\":\"Lenz\",\"potentialAction\":[{\"@type\":\"SearchAction\",\"target\":{\"@type\":\"EntryPoint\",\"urlTemplate\":\"https:\/\/lenzlatam.com\/?s={search_term_string}\"},\"query-input\":{\"@type\":\"PropertyValueSpecification\",\"valueRequired\":true,\"valueName\":\"search_term_string\"}}],\"inLanguage\":\"fi\"}]}<\/script>\n<!-- \/ Yoast SEO plugin. -->","yoast_head_json":{"title":"eCommerce-spesialisti (FIN) - Lenz","robots":{"index":"index","follow":"follow","max-snippet":"max-snippet:-1","max-image-preview":"max-image-preview:large","max-video-preview":"max-video-preview:-1"},"canonical":"https:\/\/lenzlatam.com\/potentialoverexperience\/ecommerce-spesialisti\/","og_locale":"fi_FI","og_type":"article","og_title":"eCommerce-spesialisti (FIN) - Lenz","og_url":"https:\/\/lenzlatam.com\/potentialoverexperience\/ecommerce-spesialisti\/","og_site_name":"Lenz","article_modified_time":"2023-09-15T14:18:41+00:00","twitter_card":"summary_large_image","twitter_misc":{"Arvioitu lukuaika":"6 minuuttia"},"schema":{"@context":"https:\/\/schema.org","@graph":[{"@type":"WebPage","@id":"https:\/\/lenzlatam.com\/potentialoverexperience\/ecommerce-spesialisti\/","url":"https:\/\/lenzlatam.com\/potentialoverexperience\/ecommerce-spesialisti\/","name":"eCommerce-spesialisti (FIN) - Lenz","isPartOf":{"@id":"https:\/\/lenzlatam.com\/#website"},"datePublished":"2022-04-13T11:35:15+00:00","dateModified":"2023-09-15T14:18:41+00:00","breadcrumb":{"@id":"https:\/\/lenzlatam.com\/potentialoverexperience\/ecommerce-spesialisti\/#breadcrumb"},"inLanguage":"fi","potentialAction":[{"@type":"ReadAction","target":["https:\/\/lenzlatam.com\/potentialoverexperience\/ecommerce-spesialisti\/"]}]},{"@type":"BreadcrumbList","@id":"https:\/\/lenzlatam.com\/potentialoverexperience\/ecommerce-spesialisti\/#breadcrumb","itemListElement":[{"@type":"ListItem","position":1,"name":"Etusivu","item":"https:\/\/lenzlatam.com\/"},{"@type":"ListItem","position":2,"name":"Potential over Experience","item":"https:\/\/lenzlatam.com\/potentialoverexperience\/"},{"@type":"ListItem","position":3,"name":"eCommerce-spesialisti (FIN)"}]},{"@type":"WebSite","@id":"https:\/\/lenzlatam.com\/#website","url":"https:\/\/lenzlatam.com\/","name":"Lenz","description":"Lenz","potentialAction":[{"@type":"SearchAction","target":{"@type":"EntryPoint","urlTemplate":"https:\/\/lenzlatam.com\/?s={search_term_string}"},"query-input":{"@type":"PropertyValueSpecification","valueRequired":true,"valueName":"search_term_string"}}],"inLanguage":"fi"}]}},"_links":{"self":[{"href":"https:\/\/lenzlatam.com\/fi\/wp-json\/wp\/v2\/pages\/4239"}],"collection":[{"href":"https:\/\/lenzlatam.com\/fi\/wp-json\/wp\/v2\/pages"}],"about":[{"href":"https:\/\/lenzlatam.com\/fi\/wp-json\/wp\/v2\/types\/page"}],"author":[{"embeddable":true,"href":"https:\/\/lenzlatam.com\/fi\/wp-json\/wp\/v2\/users\/1"}],"replies":[{"embeddable":true,"href":"https:\/\/lenzlatam.com\/fi\/wp-json\/wp\/v2\/comments?post=4239"}],"version-history":[{"count":4,"href":"https:\/\/lenzlatam.com\/fi\/wp-json\/wp\/v2\/pages\/4239\/revisions"}],"predecessor-version":[{"id":7246,"href":"https:\/\/lenzlatam.com\/fi\/wp-json\/wp\/v2\/pages\/4239\/revisions\/7246"}],"up":[{"embeddable":true,"href":"https:\/\/lenzlatam.com\/fi\/wp-json\/wp\/v2\/pages\/3200"}],"wp:attachment":[{"href":"https:\/\/lenzlatam.com\/fi\/wp-json\/wp\/v2\/media?parent=4239"}],"curies":[{"name":"wp","href":"https:\/\/api.w.org\/{rel}","templated":true}]}}